{"id":71,"date":"2015-05-07T10:51:27","date_gmt":"2015-05-07T08:51:27","guid":{"rendered":"https:\/\/traiteure.ewc-demo.de\/?page_id=71"},"modified":"2015-05-07T10:51:27","modified_gmt":"2015-05-07T08:51:27","slug":"franzoesisches-catering-in-frankfurt","status":"publish","type":"page","link":"https:\/\/www.traiteur-jeanette.de\/fr\/","title":{"rendered":"Franz\u00f6sisches Catering in Frankfurt"},"content":{"rendered":"<script type=\"text\/javascript\">\r\n\tjQuery( document ).ready(function( jQuery ) {\r\n\t\tjQuery( '#example3_239' ).sliderPro({\r\n\t\t\t\/\/width\r\n\t\t\t\t\t\twidth: 740,\r\n\t\t\t\t\t\t\r\n\t\t\t\/\/height\r\n\t\t\t\t\t\theight: 980,\r\n\t\t\t\t\t\t\r\n\t\t\t\/\/autoplay\r\n\t\t\t\t\t\tautoplay:  true,\r\n\t\t\tautoplayOnHover: 'none',\r\n\t\t\t\t\t\t\t\t\t\t\t\tautoplayDelay: 5000,\r\n\t\t\t\r\n\t\t\t\r\n\t\t\tarrows: true,\r\n\t\t\tbuttons: false,\r\n\t\t\tsmallSize: 500,\r\n\t\t\tmediumSize: 1000,\r\n\t\t\tlargeSize: 3000,\r\n\t\t\tfade: true,\r\n\t\t\t\r\n\t\t\t\/\/thumbnail\r\n\t\t\tthumbnailArrows: true,\r\n\t\t\tthumbnailWidth: 120,\r\n\t\t\tthumbnailHeight: 100,\r\n\t\t\t\t\t\t\t\t\tthumbnailsPosition: 'bottom',\r\n\t\t\t\t\t\t\t\t\tcenterImage: true,\r\n\t\t\tallowScaleUp: true,\r\n\t\t\t\t\t\tstartSlide: 0,\r\n\t\t\tloop: true,\r\n\t\t\tslideDistance: 5,\r\n\t\t\tautoplayDirection: 'normal',\r\n\t\t\ttouchSwipe: true,\r\n\t\t\tfullScreen: true,\r\n\t\t});\r\n\t});\r\n<\/script>\r\n<style>\r\n\/* Example 3 *\/\r\n\r\n\/* border *\/\r\n#example3_239 .sp-selected-thumbnail {\r\n\tborder: 4px solid #000000;\r\n}\r\n\r\n\/* font + color *\/\r\n.title-in  {\r\n\tfont-family: Arial !important;\r\n\tcolor: #00000 !important;\r\n\tbackground-color: #FFFFFF !important;\r\n\topacity: 0.7 !important;\r\n}\r\n.desc-in  {\r\n\tfont-family: Arial !important;\r\n\tcolor: #FFFFFF !important;\r\n\tbackground-color: #00000 !important;\r\n\topacity: 0.7 !important;\r\n}\r\n\r\n\/* bullets color *\/\r\n.sp-button  {\r\n\tborder: 2px solid #000000 !important;\r\n}\r\n.sp-selected-button  {\r\n\tbackground-color: #000000 !important;\r\n}\r\n\r\n\/* pointer color - bottom *\/\r\n.sp-selected-thumbnail::before {\r\n\tborder-bottom: 5px solid #000000 !important;\r\n}\r\n.sp-selected-thumbnail::after {\r\n\tborder-bottom: 13px solid #000000 !important;\r\n}\r\n\r\n\/* pointer color - top *\/\r\n\r\n\r\n\/* full screen icon *\/\r\n.sp-full-screen-button::before {\r\n    color: #FFFFFF !important;\r\n}\r\n\r\n\/* hover navigation icon color *\/\r\n.sp-next-arrow::after, .sp-next-arrow::before {\r\n\tbackground-color: #FFFFFF !important;\r\n}\r\n.sp-previous-arrow::after, .sp-previous-arrow::before {\r\n\tbackground-color: #FFFFFF !important;\r\n}\r\n\r\n\r\n#example3_239 .title-in {\r\n\tcolor:  !important;\r\n\tfont-weight: bolder;\r\n\ttext-align: center;\r\n}\r\n\r\n#example3_239 .title-in-bg {\r\n\tbackground: rgba(255, 255, 255, 0.7); !important;\r\n\twhite-space: unset !important;\r\n\tmax-width: 90%;\r\n\tmin-width: 40%;\r\n\ttransform: initial !important;\r\n\t-webkit-transform: initial !important;\r\n\tfont-size: 14px !important;\r\n}\r\n\r\n#example3_239 .desc-in {\r\n\tcolor:  !important;\r\n\ttext-align: center;\r\n}\r\n#example3_239 .desc-in-bg {\r\n\tbackground: rgba(, ) !important;\r\n\twhite-space: unset !important;\r\n\twidth: 80% !important;\r\n\tmin-width: 30%;\r\n\ttransform: initial !important;\r\n\t-webkit-transform: initial !important;\r\n\tfont-size: 13px !important;\r\n}\r\n\r\n@media (max-width: 640px) {\r\n\t#example3_239 .hide-small-screen {\r\n\t\tdisplay: none;\r\n\t}\r\n}\r\n\r\n@media (max-width: 860px) {\r\n\t#example3_239 .sp-layer {\r\n\t\tfont-size: 18px;\r\n\t}\r\n\t\r\n\t#example3_239 .hide-medium-screen {\r\n\t\tdisplay: none;\r\n\t}\r\n}\r\n\/* Custom CSS *\/\r\n<\/style>\r\n<div id=\"example3_239\" class=\"slider-pro\">\r\n\t<!---- slides div start ---->\r\n\t<div class=\"sp-slides\">\r\n\t\t\t\t<div class=\"sp-slide\">\r\n\t\t\t<img class=\"sp-image\" alt=\"\" src=\"\" \r\n\t\t\t\tdata-src=\"https:\/\/www.traiteur-jeanette.de\/wp-content\/uploads\/2015\/06\/home_5.jpg\"\r\n\t\t\t\tdata-small=\"https:\/\/www.traiteur-jeanette.de\/wp-content\/uploads\/2015\/06\/home_5.jpg\"\r\n\t\t\t\tdata-medium=\"https:\/\/www.traiteur-jeanette.de\/wp-content\/uploads\/2015\/06\/home_5.jpg\"\r\n\t\t\t\tdata-large=\"https:\/\/www.traiteur-jeanette.de\/wp-content\/uploads\/2015\/06\/home_5.jpg\"\r\n\t\t\t\tdata-retina=\"https:\/\/www.traiteur-jeanette.de\/wp-content\/uploads\/2015\/06\/home_5.jpg\"\/>\r\n\r\n\t\t\t\r\n\t\t\t\t\t<\/div>\r\n\t\t\t\t<div class=\"sp-slide\">\r\n\t\t\t<img class=\"sp-image\" alt=\"\" src=\"\" \r\n\t\t\t\tdata-src=\"https:\/\/www.traiteur-jeanette.de\/wp-content\/uploads\/2015\/06\/home_2.jpg\"\r\n\t\t\t\tdata-small=\"https:\/\/www.traiteur-jeanette.de\/wp-content\/uploads\/2015\/06\/home_2.jpg\"\r\n\t\t\t\tdata-medium=\"https:\/\/www.traiteur-jeanette.de\/wp-content\/uploads\/2015\/06\/home_2.jpg\"\r\n\t\t\t\tdata-large=\"https:\/\/www.traiteur-jeanette.de\/wp-content\/uploads\/2015\/06\/home_2.jpg\"\r\n\t\t\t\tdata-retina=\"https:\/\/www.traiteur-jeanette.de\/wp-content\/uploads\/2015\/06\/home_2.jpg\"\/>\r\n\r\n\t\t\t\r\n\t\t\t\t\t<\/div>\r\n\t\t\t\t<div class=\"sp-slide\">\r\n\t\t\t<img class=\"sp-image\" alt=\"\" src=\"\" \r\n\t\t\t\tdata-src=\"https:\/\/www.traiteur-jeanette.de\/wp-content\/uploads\/2015\/06\/home_4.jpg\"\r\n\t\t\t\tdata-small=\"https:\/\/www.traiteur-jeanette.de\/wp-content\/uploads\/2015\/06\/home_4.jpg\"\r\n\t\t\t\tdata-medium=\"https:\/\/www.traiteur-jeanette.de\/wp-content\/uploads\/2015\/06\/home_4.jpg\"\r\n\t\t\t\tdata-large=\"https:\/\/www.traiteur-jeanette.de\/wp-content\/uploads\/2015\/06\/home_4.jpg\"\r\n\t\t\t\tdata-retina=\"https:\/\/www.traiteur-jeanette.de\/wp-content\/uploads\/2015\/06\/home_4.jpg\"\/>\r\n\r\n\t\t\t\r\n\t\t\t\t\t<\/div>\r\n\t\t\t\t<div class=\"sp-slide\">\r\n\t\t\t<img class=\"sp-image\" alt=\"\" src=\"\" \r\n\t\t\t\tdata-src=\"https:\/\/www.traiteur-jeanette.de\/wp-content\/uploads\/2015\/06\/beiuns_1.jpg\"\r\n\t\t\t\tdata-small=\"https:\/\/www.traiteur-jeanette.de\/wp-content\/uploads\/2015\/06\/beiuns_1.jpg\"\r\n\t\t\t\tdata-medium=\"https:\/\/www.traiteur-jeanette.de\/wp-content\/uploads\/2015\/06\/beiuns_1.jpg\"\r\n\t\t\t\tdata-large=\"https:\/\/www.traiteur-jeanette.de\/wp-content\/uploads\/2015\/06\/beiuns_1.jpg\"\r\n\t\t\t\tdata-retina=\"https:\/\/www.traiteur-jeanette.de\/wp-content\/uploads\/2015\/06\/beiuns_1.jpg\"\/>\r\n\r\n\t\t\t\r\n\t\t\t\t\t<\/div>\r\n\t\t\t\t<div class=\"sp-slide\">\r\n\t\t\t<img class=\"sp-image\" alt=\"\" src=\"\" \r\n\t\t\t\tdata-src=\"https:\/\/www.traiteur-jeanette.de\/wp-content\/uploads\/2015\/06\/home_1.jpg\"\r\n\t\t\t\tdata-small=\"https:\/\/www.traiteur-jeanette.de\/wp-content\/uploads\/2015\/06\/home_1.jpg\"\r\n\t\t\t\tdata-medium=\"https:\/\/www.traiteur-jeanette.de\/wp-content\/uploads\/2015\/06\/home_1.jpg\"\r\n\t\t\t\tdata-large=\"https:\/\/www.traiteur-jeanette.de\/wp-content\/uploads\/2015\/06\/home_1.jpg\"\r\n\t\t\t\tdata-retina=\"https:\/\/www.traiteur-jeanette.de\/wp-content\/uploads\/2015\/06\/home_1.jpg\"\/>\r\n\r\n\t\t\t\r\n\t\t\t\t\t<\/div>\r\n\t\t\t\t<div class=\"sp-slide\">\r\n\t\t\t<img class=\"sp-image\" alt=\"\" src=\"\" \r\n\t\t\t\tdata-src=\"https:\/\/www.traiteur-jeanette.de\/wp-content\/uploads\/2015\/06\/home_6.jpg\"\r\n\t\t\t\tdata-small=\"https:\/\/www.traiteur-jeanette.de\/wp-content\/uploads\/2015\/06\/home_6.jpg\"\r\n\t\t\t\tdata-medium=\"https:\/\/www.traiteur-jeanette.de\/wp-content\/uploads\/2015\/06\/home_6.jpg\"\r\n\t\t\t\tdata-large=\"https:\/\/www.traiteur-jeanette.de\/wp-content\/uploads\/2015\/06\/home_6.jpg\"\r\n\t\t\t\tdata-retina=\"https:\/\/www.traiteur-jeanette.de\/wp-content\/uploads\/2015\/06\/home_6.jpg\"\/>\r\n\r\n\t\t\t\r\n\t\t\t\t\t<\/div>\r\n\t\t\t\t<div class=\"sp-slide\">\r\n\t\t\t<img class=\"sp-image\" alt=\"\" src=\"\" \r\n\t\t\t\tdata-src=\"https:\/\/www.traiteur-jeanette.de\/wp-content\/uploads\/2015\/06\/home_7.jpg\"\r\n\t\t\t\tdata-small=\"https:\/\/www.traiteur-jeanette.de\/wp-content\/uploads\/2015\/06\/home_7.jpg\"\r\n\t\t\t\tdata-medium=\"https:\/\/www.traiteur-jeanette.de\/wp-content\/uploads\/2015\/06\/home_7.jpg\"\r\n\t\t\t\tdata-large=\"https:\/\/www.traiteur-jeanette.de\/wp-content\/uploads\/2015\/06\/home_7.jpg\"\r\n\t\t\t\tdata-retina=\"https:\/\/www.traiteur-jeanette.de\/wp-content\/uploads\/2015\/06\/home_7.jpg\"\/>\r\n\r\n\t\t\t\r\n\t\t\t\t\t<\/div>\r\n\t\t\t\t<div class=\"sp-slide\">\r\n\t\t\t<img class=\"sp-image\" alt=\"\" src=\"\" \r\n\t\t\t\tdata-src=\"https:\/\/www.traiteur-jeanette.de\/wp-content\/uploads\/2015\/06\/home_8.jpg\"\r\n\t\t\t\tdata-small=\"https:\/\/www.traiteur-jeanette.de\/wp-content\/uploads\/2015\/06\/home_8.jpg\"\r\n\t\t\t\tdata-medium=\"https:\/\/www.traiteur-jeanette.de\/wp-content\/uploads\/2015\/06\/home_8.jpg\"\r\n\t\t\t\tdata-large=\"https:\/\/www.traiteur-jeanette.de\/wp-content\/uploads\/2015\/06\/home_8.jpg\"\r\n\t\t\t\tdata-retina=\"https:\/\/www.traiteur-jeanette.de\/wp-content\/uploads\/2015\/06\/home_8.jpg\"\/>\r\n\r\n\t\t\t\r\n\t\t\t\t\t<\/div>\r\n\t\t\t\t\r\n\t<\/div>\r\n\t\r\n\t<!---- slides div end ---->\r\n\t\t<!-- slides thumbnails div end -->\r\n\t\r\n<\/div>\r\n\n<div class=\"slide-text\">\n<span class=\"arrow\"><\/span><\/p>\n<div class=\"text-wrapper\">\n<h1>Traiteur fran\u00e7ais \u00e0 Francfort<\/h1>\n<p>Cent pourcent fran\u00e7ais!<br \/>\nInfiniment plaisant, raffin\u00e9, passionn\u00e9, exclusif et pourtant accessible \u00e0 tous&#8230; Tout simplement s\u00e9duisant! Sal\u00e9 ou sucr\u00e9, pour de petites ou plus grandes occasions:<\/p>\n<p style=\"line-height: 49px;\"><a class=\"beiuns\" href=\"feier-und-meetings-bei-baguette-jeanette\"><img loading=\"lazy\" class=\"alignright size-full wp-image-87\" src=\"https:\/\/www.traiteur-jeanette.de\/wp-content\/uploads\/2015\/06\/tisch.png\" alt=\"tisch\" width=\"68\" height=\"49\" \/> Chez nous \u00e0 Bornheim-Mitte<\/a><\/p>\n<p style=\"line-height: 49px;\"><a class=\"beiihnen\" href=\"franzoesisches-catering-bei-ihnen\"><img loading=\"lazy\" class=\"alignleft size-full wp-image-90\" src=\"https:\/\/www.traiteur-jeanette.de\/wp-content\/uploads\/2015\/06\/bus.png\" alt=\"bus\" width=\"61\" height=\"50\" \/> ou confortablement chez vous<\/a><\/p>\n<p>\u00c0 enlever ou livr\u00e9, \u00e0 Francfort et aux alentours, d\u00e9vou\u00e9s corps et \u00e2me \u00e0 votre satisfaction, nous sommes \u00e0 votre enti\u00e8re disposition!<\/p>\n<p>Une \u00e9quipe professionnelle \u00e0 vos c\u00f4t\u00e9s pour vous garantir la r\u00e9ussite de votre \u00e9v\u00e8nement!<\/p>\n<p>Votre traiteur fran\u00e7ais \u00e0 Francfort,<br \/>\nvotre Traiteur Jeanette.<\/p>\n<p style=\"line-height: 49px;\"><a class=\"ueberuns\" href=\"typisch-franzoesisch\"><img loading=\"lazy\" class=\"alignleft size-full wp-image-90\" src=\"https:\/\/www.traiteur-jeanette.de\/wp-content\/uploads\/2015\/06\/fahrrad.png\" alt=\"fahrrad\" width=\"61\" height=\"50\" \/> Plus d\u2019infos<\/a><\/p>\n<\/div>\n<\/div>\n","protected":false},"excerpt":{"rendered":"<p>Traiteur fran\u00e7ais \u00e0 Francfort Cent pourcent fran\u00e7ais! Infiniment plaisant, raffin\u00e9, passionn\u00e9, exclusif et pourtant accessible \u00e0 tous&#8230; Tout simplement s\u00e9duisant! Sal\u00e9 ou sucr\u00e9, pour de petites ou plus grandes occasions: Chez nous \u00e0 Bornheim-Mitte ou confortablement chez vous \u00c0 enlever ou livr\u00e9, \u00e0 Francfort et aux alentours, d\u00e9vou\u00e9s corps et \u00e2me \u00e0 votre satisfaction, nous [&hellip;]<\/p>\n","protected":false},"author":1,"featured_media":0,"parent":0,"menu_order":0,"comment_status":"closed","ping_status":"closed","template":"page-full.php","meta":[],"translation":{"provider":"WPGlobus","version":"2.7.3","language":"fr","enabled_languages":["de","fr"],"languages":{"de":{"title":true,"content":true,"excerpt":false},"fr":{"title":false,"content":true,"excerpt":false}}},"_links":{"self":[{"href":"https:\/\/www.traiteur-jeanette.de\/fr\/wp-json\/wp\/v2\/pages\/71"}],"collection":[{"href":"https:\/\/www.traiteur-jeanette.de\/fr\/wp-json\/wp\/v2\/pages"}],"about":[{"href":"https:\/\/www.traiteur-jeanette.de\/fr\/wp-json\/wp\/v2\/types\/page"}],"author":[{"embeddable":true,"href":"https:\/\/www.traiteur-jeanette.de\/fr\/wp-json\/wp\/v2\/users\/1"}],"replies":[{"embeddable":true,"href":"https:\/\/www.traiteur-jeanette.de\/fr\/wp-json\/wp\/v2\/comments?post=71"}],"version-history":[{"count":0,"href":"https:\/\/www.traiteur-jeanette.de\/fr\/wp-json\/wp\/v2\/pages\/71\/revisions"}],"wp:attachment":[{"href":"https:\/\/www.traiteur-jeanette.de\/fr\/wp-json\/wp\/v2\/media?parent=71"}],"curies":[{"name":"wp","href":"https:\/\/api.w.org\/{rel}","templated":true}]}}