{"id":52,"date":"2015-04-30T10:25:51","date_gmt":"2015-04-30T08:25:51","guid":{"rendered":"https:\/\/traiteure.ewc-demo.de\/?page_id=52"},"modified":"2017-12-08T09:53:22","modified_gmt":"2017-12-08T08:53:22","slug":"kontakt","status":"publish","type":"page","link":"https:\/\/www.traiteur-jeanette.de\/fr\/kontakt\/","title":{"rendered":"Envie d\u2019en savoir plus ?"},"content":{"rendered":"<script type=\"text\/javascript\">\r\n\tjQuery( document ).ready(function( jQuery ) {\r\n\t\tjQuery( '#example3_250' ).sliderPro({\r\n\t\t\t\/\/width\r\n\t\t\t\t\t\twidth: 740,\r\n\t\t\t\t\t\t\r\n\t\t\t\/\/height\r\n\t\t\t\t\t\theight: 980,\r\n\t\t\t\t\t\t\r\n\t\t\t\/\/autoplay\r\n\t\t\t\t\t\tautoplay:  true,\r\n\t\t\tautoplayOnHover: 'none',\r\n\t\t\t\t\t\t\t\t\t\t\t\tautoplayDelay: 5000,\r\n\t\t\t\r\n\t\t\t\r\n\t\t\tarrows: false,\r\n\t\t\tbuttons: false,\r\n\t\t\tsmallSize: 500,\r\n\t\t\tmediumSize: 1000,\r\n\t\t\tlargeSize: 3000,\r\n\t\t\tfade: true,\r\n\t\t\t\r\n\t\t\t\/\/thumbnail\r\n\t\t\tthumbnailArrows: true,\r\n\t\t\tthumbnailWidth: 120,\r\n\t\t\tthumbnailHeight: 100,\r\n\t\t\t\t\t\t\t\t\tthumbnailsPosition: 'bottom',\r\n\t\t\t\t\t\t\t\t\tcenterImage: true,\r\n\t\t\tallowScaleUp: true,\r\n\t\t\t\t\t\tstartSlide: 0,\r\n\t\t\tloop: true,\r\n\t\t\tslideDistance: 5,\r\n\t\t\tautoplayDirection: 'normal',\r\n\t\t\ttouchSwipe: true,\r\n\t\t\tfullScreen: true,\r\n\t\t});\r\n\t});\r\n<\/script>\r\n<style>\r\n\/* Example 3 *\/\r\n\r\n\/* border *\/\r\n#example3_250 .sp-selected-thumbnail {\r\n\tborder: 4px solid #000000;\r\n}\r\n\r\n\/* font + color *\/\r\n.title-in  {\r\n\tfont-family: Arial !important;\r\n\tcolor: #00000 !important;\r\n\tbackground-color: #FFFFFF !important;\r\n\topacity: 0.7 !important;\r\n}\r\n.desc-in  {\r\n\tfont-family: Arial !important;\r\n\tcolor: #FFFFFF !important;\r\n\tbackground-color: #00000 !important;\r\n\topacity: 0.7 !important;\r\n}\r\n\r\n\/* bullets color *\/\r\n.sp-button  {\r\n\tborder: 2px solid #000000 !important;\r\n}\r\n.sp-selected-button  {\r\n\tbackground-color: #000000 !important;\r\n}\r\n\r\n\/* pointer color - bottom *\/\r\n.sp-selected-thumbnail::before {\r\n\tborder-bottom: 5px solid #000000 !important;\r\n}\r\n.sp-selected-thumbnail::after {\r\n\tborder-bottom: 13px solid #000000 !important;\r\n}\r\n\r\n\/* pointer color - top *\/\r\n\r\n\r\n\/* full screen icon *\/\r\n.sp-full-screen-button::before {\r\n    color: #FFFFFF !important;\r\n}\r\n\r\n\/* hover navigation icon color *\/\r\n.sp-next-arrow::after, .sp-next-arrow::before {\r\n\tbackground-color: #FFFFFF !important;\r\n}\r\n.sp-previous-arrow::after, .sp-previous-arrow::before {\r\n\tbackground-color: #FFFFFF !important;\r\n}\r\n\r\n\r\n#example3_250 .title-in {\r\n\tcolor:  !important;\r\n\tfont-weight: bolder;\r\n\ttext-align: center;\r\n}\r\n\r\n#example3_250 .title-in-bg {\r\n\tbackground: rgba(255, 255, 255, 0.7); !important;\r\n\twhite-space: unset !important;\r\n\tmax-width: 90%;\r\n\tmin-width: 40%;\r\n\ttransform: initial !important;\r\n\t-webkit-transform: initial !important;\r\n\tfont-size: 14px !important;\r\n}\r\n\r\n#example3_250 .desc-in {\r\n\tcolor:  !important;\r\n\ttext-align: center;\r\n}\r\n#example3_250 .desc-in-bg {\r\n\tbackground: rgba(, ) !important;\r\n\twhite-space: unset !important;\r\n\twidth: 80% !important;\r\n\tmin-width: 30%;\r\n\ttransform: initial !important;\r\n\t-webkit-transform: initial !important;\r\n\tfont-size: 13px !important;\r\n}\r\n\r\n@media (max-width: 640px) {\r\n\t#example3_250 .hide-small-screen {\r\n\t\tdisplay: none;\r\n\t}\r\n}\r\n\r\n@media (max-width: 860px) {\r\n\t#example3_250 .sp-layer {\r\n\t\tfont-size: 18px;\r\n\t}\r\n\t\r\n\t#example3_250 .hide-medium-screen {\r\n\t\tdisplay: none;\r\n\t}\r\n}\r\n\/* Custom CSS *\/\r\n<\/style>\r\n<div id=\"example3_250\" class=\"slider-pro\">\r\n\t<!---- slides div start ---->\r\n\t<div class=\"sp-slides\">\r\n\t\t\t\t<div class=\"sp-slide\">\r\n\t\t\t<img class=\"sp-image\" alt=\"\" src=\"\" \r\n\t\t\t\tdata-src=\"https:\/\/www.traiteur-jeanette.de\/wp-content\/uploads\/2015\/06\/beiuns_4-1.jpg\"\r\n\t\t\t\tdata-small=\"https:\/\/www.traiteur-jeanette.de\/wp-content\/uploads\/2015\/06\/beiuns_4-1.jpg\"\r\n\t\t\t\tdata-medium=\"https:\/\/www.traiteur-jeanette.de\/wp-content\/uploads\/2015\/06\/beiuns_4-1.jpg\"\r\n\t\t\t\tdata-large=\"https:\/\/www.traiteur-jeanette.de\/wp-content\/uploads\/2015\/06\/beiuns_4-1.jpg\"\r\n\t\t\t\tdata-retina=\"https:\/\/www.traiteur-jeanette.de\/wp-content\/uploads\/2015\/06\/beiuns_4-1.jpg\"\/>\r\n\r\n\t\t\t\r\n\t\t\t\t\t<\/div>\r\n\t\t\t\t\r\n\t<\/div>\r\n\t\r\n\t<!---- slides div end ---->\r\n\t\t<!-- slides thumbnails div end -->\r\n\t\r\n<\/div>\r\n\n<div class=\"slide-text\">\n<span class=\"arrow\"><\/span><\/p>\n<div class=\"text-wrapper\">\n<h1>Envie d\u2019en savoir plus ?<\/h1>\n<p> N\u2019h\u00e9sitez surtout pas plus longtemps, je me r\u00e9jouis d\u00e9j\u00e0 de votre demande et de I\u2019immense joie ainsi donn\u00e9e de vous convaincre des bienfaits du savoir-vivre fran\u00e7ais.<\/p>\n<p>Charm\u00e9e depuis toujours par de bons mets, je me tiens \u00e0 votre enti\u00e8re disposition pour vous accompagner et vous conseiller dans vos choix, que ce soit en allemand, en anglais ou en fran\u00e7ais.<\/p>\n<p>La fl\u00e9xibilit\u00e9 de notre service traiteur vous permet une livraison 365 jours par an de nos excellentes sp\u00e9cialit\u00e9s fran\u00e7aises.<br \/>\nAlors pourquoi attendre ?<\/p>\n<p>\u00c0 tr\u00e8s bient\u00f4t,<br \/>\nLaurent Cottin<\/p>\n<p>ASVF GmbH<br \/>\nBaguette &#038; Traiteur Jeanette<br \/>\nBerger Strasse 187<br \/>\n60385 Frankfurt\/Main<br \/>\ninfo@traiteurjeanette.de<br \/>\n+49 172 81 55 156<\/p>\n<div role=\"form\" class=\"wpcf7\" id=\"wpcf7-f143-o1\" lang=\"de-DE\" dir=\"ltr\">\n<div class=\"screen-reader-response\"><p role=\"status\" aria-live=\"polite\" aria-atomic=\"true\"><\/p> <ul><\/ul><\/div>\n<form action=\"\/fr\/wp-json\/wp\/v2\/pages\/52#wpcf7-f143-o1\" method=\"post\" class=\"wpcf7-form init\" novalidate=\"novalidate\" data-status=\"init\">\n<div style=\"display: none;\">\n<input type=\"hidden\" name=\"_wpcf7\" value=\"143\" \/>\n<input type=\"hidden\" name=\"_wpcf7_version\" value=\"5.4.1\" \/>\n<input type=\"hidden\" name=\"_wpcf7_locale\" value=\"de_DE\" \/>\n<input type=\"hidden\" name=\"_wpcf7_unit_tag\" value=\"wpcf7-f143-o1\" \/>\n<input type=\"hidden\" name=\"_wpcf7_container_post\" value=\"0\" \/>\n<input type=\"hidden\" name=\"_wpcf7_posted_data_hash\" value=\"\" \/>\n<\/div>\n<p>Nom *<br \/>\n    <span class=\"wpcf7-form-control-wrap your-name\"><input type=\"text\" name=\"your-name\" value=\"\" size=\"40\" class=\"wpcf7-form-control wpcf7-text wpcf7-validates-as-required\" aria-required=\"true\" aria-invalid=\"false\" \/><\/span> <\/p>\n<p>Email *<br \/>\n    <span class=\"wpcf7-form-control-wrap your-email\"><input type=\"email\" name=\"your-email\" value=\"\" size=\"40\" class=\"wpcf7-form-control wpcf7-text wpcf7-email wpcf7-validates-as-required wpcf7-validates-as-email\" aria-required=\"true\" aria-invalid=\"false\" \/><\/span> <\/p>\n<p>Message *<br \/>\n    <span class=\"wpcf7-form-control-wrap your-message\"><textarea name=\"your-message\" cols=\"40\" rows=\"10\" class=\"wpcf7-form-control wpcf7-textarea\" aria-invalid=\"false\"><\/textarea><\/span> <\/p>\n<p><input type=\"submit\" value=\"Envoyer\" class=\"wpcf7-form-control wpcf7-submit\" \/><\/p>\n<div class=\"wpcf7-response-output\" aria-hidden=\"true\"><\/div><\/form><\/div><\/div>\n<\/div>\n","protected":false},"excerpt":{"rendered":"<p>Envie d\u2019en savoir plus ? N\u2019h\u00e9sitez surtout pas plus longtemps, je me r\u00e9jouis d\u00e9j\u00e0 de votre demande et de I\u2019immense joie ainsi donn\u00e9e de vous convaincre des bienfaits du savoir-vivre fran\u00e7ais. Charm\u00e9e depuis toujours par de bons mets, je me tiens \u00e0 votre enti\u00e8re disposition pour vous accompagner et vous conseiller dans vos choix, que [&hellip;]<\/p>\n","protected":false},"author":1,"featured_media":0,"parent":0,"menu_order":0,"comment_status":"closed","ping_status":"closed","template":"page-full.php","meta":[],"translation":{"provider":"WPGlobus","version":"2.7.3","language":"fr","enabled_languages":["de","fr"],"languages":{"de":{"title":true,"content":true,"excerpt":false},"fr":{"title":true,"content":true,"excerpt":false}}},"_links":{"self":[{"href":"https:\/\/www.traiteur-jeanette.de\/fr\/wp-json\/wp\/v2\/pages\/52"}],"collection":[{"href":"https:\/\/www.traiteur-jeanette.de\/fr\/wp-json\/wp\/v2\/pages"}],"about":[{"href":"https:\/\/www.traiteur-jeanette.de\/fr\/wp-json\/wp\/v2\/types\/page"}],"author":[{"embeddable":true,"href":"https:\/\/www.traiteur-jeanette.de\/fr\/wp-json\/wp\/v2\/users\/1"}],"replies":[{"embeddable":true,"href":"https:\/\/www.traiteur-jeanette.de\/fr\/wp-json\/wp\/v2\/comments?post=52"}],"version-history":[{"count":5,"href":"https:\/\/www.traiteur-jeanette.de\/fr\/wp-json\/wp\/v2\/pages\/52\/revisions"}],"predecessor-version":[{"id":312,"href":"https:\/\/www.traiteur-jeanette.de\/fr\/wp-json\/wp\/v2\/pages\/52\/revisions\/312"}],"wp:attachment":[{"href":"https:\/\/www.traiteur-jeanette.de\/fr\/wp-json\/wp\/v2\/media?parent=52"}],"curies":[{"name":"wp","href":"https:\/\/api.w.org\/{rel}","templated":true}]}}