{"id":40,"date":"2015-04-30T10:20:49","date_gmt":"2015-04-30T08:20:49","guid":{"rendered":"https:\/\/traiteure.ewc-demo.de\/?page_id=40"},"modified":"2016-06-21T15:01:53","modified_gmt":"2016-06-21T13:01:53","slug":"fruehstueck-lieferservice-in-frankfurt","status":"publish","type":"page","link":"https:\/\/www.traiteur-jeanette.de\/fr\/fruehstueck-lieferservice-in-frankfurt\/","title":{"rendered":"Petit d\u00e9jeuner Livraison \u00e0 Francfort"},"content":{"rendered":"<script type=\"text\/javascript\">\r\n\tjQuery( document ).ready(function( jQuery ) {\r\n\t\tjQuery( '#example3_297' ).sliderPro({\r\n\t\t\t\/\/width\r\n\t\t\t\t\t\twidth: 740,\r\n\t\t\t\t\t\t\r\n\t\t\t\/\/height\r\n\t\t\t\t\t\theight: 980,\r\n\t\t\t\t\t\t\r\n\t\t\t\/\/autoplay\r\n\t\t\t\t\t\tautoplay:  true,\r\n\t\t\tautoplayOnHover: 'none',\r\n\t\t\t\t\t\t\t\t\t\t\t\tautoplayDelay: 5000,\r\n\t\t\t\r\n\t\t\t\r\n\t\t\tarrows: true,\r\n\t\t\tbuttons: false,\r\n\t\t\tsmallSize: 500,\r\n\t\t\tmediumSize: 1000,\r\n\t\t\tlargeSize: 3000,\r\n\t\t\tfade: true,\r\n\t\t\t\r\n\t\t\t\/\/thumbnail\r\n\t\t\tthumbnailArrows: true,\r\n\t\t\tthumbnailWidth: 120,\r\n\t\t\tthumbnailHeight: 100,\r\n\t\t\t\t\t\t\t\t\tthumbnailsPosition: 'bottom',\r\n\t\t\t\t\t\t\t\t\tcenterImage: true,\r\n\t\t\tallowScaleUp: true,\r\n\t\t\t\t\t\tstartSlide: 0,\r\n\t\t\tloop: true,\r\n\t\t\tslideDistance: 5,\r\n\t\t\tautoplayDirection: 'normal',\r\n\t\t\ttouchSwipe: true,\r\n\t\t\tfullScreen: true,\r\n\t\t});\r\n\t});\r\n<\/script>\r\n<style>\r\n\/* Example 3 *\/\r\n\r\n\/* border *\/\r\n#example3_297 .sp-selected-thumbnail {\r\n\tborder: 4px solid #000000;\r\n}\r\n\r\n\/* font + color *\/\r\n.title-in  {\r\n\tfont-family: Arial !important;\r\n\tcolor: #000000 !important;\r\n\tbackground-color: #FFFFFF !important;\r\n\topacity: 0.7 !important;\r\n}\r\n.desc-in  {\r\n\tfont-family: Arial !important;\r\n\tcolor: #FFFFFF !important;\r\n\tbackground-color: #000000 !important;\r\n\topacity: 0.7 !important;\r\n}\r\n\r\n\/* bullets color *\/\r\n.sp-button  {\r\n\tborder: 2px solid #000000 !important;\r\n}\r\n.sp-selected-button  {\r\n\tbackground-color: #000000 !important;\r\n}\r\n\r\n\/* pointer color - bottom *\/\r\n.sp-selected-thumbnail::before {\r\n\tborder-bottom: 5px solid #000000 !important;\r\n}\r\n.sp-selected-thumbnail::after {\r\n\tborder-bottom: 13px solid #000000 !important;\r\n}\r\n\r\n\/* pointer color - top *\/\r\n\r\n\r\n\/* full screen icon *\/\r\n.sp-full-screen-button::before {\r\n    color: #FFFFFF !important;\r\n}\r\n\r\n\/* hover navigation icon color *\/\r\n.sp-next-arrow::after, .sp-next-arrow::before {\r\n\tbackground-color: #FFFFFF !important;\r\n}\r\n.sp-previous-arrow::after, .sp-previous-arrow::before {\r\n\tbackground-color: #FFFFFF !important;\r\n}\r\n\r\n\r\n#example3_297 .title-in {\r\n\tcolor:  !important;\r\n\tfont-weight: bolder;\r\n\ttext-align: center;\r\n}\r\n\r\n#example3_297 .title-in-bg {\r\n\tbackground: rgba(255, 255, 255, 0.7); !important;\r\n\twhite-space: unset !important;\r\n\tmax-width: 90%;\r\n\tmin-width: 40%;\r\n\ttransform: initial !important;\r\n\t-webkit-transform: initial !important;\r\n\tfont-size: 14px !important;\r\n}\r\n\r\n#example3_297 .desc-in {\r\n\tcolor:  !important;\r\n\ttext-align: center;\r\n}\r\n#example3_297 .desc-in-bg {\r\n\tbackground: rgba(, ) !important;\r\n\twhite-space: unset !important;\r\n\twidth: 80% !important;\r\n\tmin-width: 30%;\r\n\ttransform: initial !important;\r\n\t-webkit-transform: initial !important;\r\n\tfont-size: 13px !important;\r\n}\r\n\r\n@media (max-width: 640px) {\r\n\t#example3_297 .hide-small-screen {\r\n\t\tdisplay: none;\r\n\t}\r\n}\r\n\r\n@media (max-width: 860px) {\r\n\t#example3_297 .sp-layer {\r\n\t\tfont-size: 18px;\r\n\t}\r\n\t\r\n\t#example3_297 .hide-medium-screen {\r\n\t\tdisplay: none;\r\n\t}\r\n}\r\n\/* Custom CSS *\/\r\n<\/style>\r\n<div id=\"example3_297\" class=\"slider-pro\">\r\n\t<!---- slides div start ---->\r\n\t<div class=\"sp-slides\">\r\n\t\t\t\t<div class=\"sp-slide\">\r\n\t\t\t<img class=\"sp-image\" alt=\"\" src=\"\" \r\n\t\t\t\tdata-src=\"https:\/\/www.traiteur-jeanette.de\/wp-content\/uploads\/2015\/06\/fruehstueck_5.jpg\"\r\n\t\t\t\tdata-small=\"https:\/\/www.traiteur-jeanette.de\/wp-content\/uploads\/2015\/06\/fruehstueck_5.jpg\"\r\n\t\t\t\tdata-medium=\"https:\/\/www.traiteur-jeanette.de\/wp-content\/uploads\/2015\/06\/fruehstueck_5.jpg\"\r\n\t\t\t\tdata-large=\"https:\/\/www.traiteur-jeanette.de\/wp-content\/uploads\/2015\/06\/fruehstueck_5.jpg\"\r\n\t\t\t\tdata-retina=\"https:\/\/www.traiteur-jeanette.de\/wp-content\/uploads\/2015\/06\/fruehstueck_5.jpg\"\/>\r\n\r\n\t\t\t\r\n\t\t\t\t\t<\/div>\r\n\t\t\t\t<div class=\"sp-slide\">\r\n\t\t\t<img class=\"sp-image\" alt=\"\" src=\"\" \r\n\t\t\t\tdata-src=\"https:\/\/www.traiteur-jeanette.de\/wp-content\/uploads\/2015\/06\/fruehstueck_3.jpg\"\r\n\t\t\t\tdata-small=\"https:\/\/www.traiteur-jeanette.de\/wp-content\/uploads\/2015\/06\/fruehstueck_3.jpg\"\r\n\t\t\t\tdata-medium=\"https:\/\/www.traiteur-jeanette.de\/wp-content\/uploads\/2015\/06\/fruehstueck_3.jpg\"\r\n\t\t\t\tdata-large=\"https:\/\/www.traiteur-jeanette.de\/wp-content\/uploads\/2015\/06\/fruehstueck_3.jpg\"\r\n\t\t\t\tdata-retina=\"https:\/\/www.traiteur-jeanette.de\/wp-content\/uploads\/2015\/06\/fruehstueck_3.jpg\"\/>\r\n\r\n\t\t\t\r\n\t\t\t\t\t<\/div>\r\n\t\t\t\t<div class=\"sp-slide\">\r\n\t\t\t<img class=\"sp-image\" alt=\"\" src=\"\" \r\n\t\t\t\tdata-src=\"https:\/\/www.traiteur-jeanette.de\/wp-content\/uploads\/2015\/06\/fruehstueck_1.jpg\"\r\n\t\t\t\tdata-small=\"https:\/\/www.traiteur-jeanette.de\/wp-content\/uploads\/2015\/06\/fruehstueck_1.jpg\"\r\n\t\t\t\tdata-medium=\"https:\/\/www.traiteur-jeanette.de\/wp-content\/uploads\/2015\/06\/fruehstueck_1.jpg\"\r\n\t\t\t\tdata-large=\"https:\/\/www.traiteur-jeanette.de\/wp-content\/uploads\/2015\/06\/fruehstueck_1.jpg\"\r\n\t\t\t\tdata-retina=\"https:\/\/www.traiteur-jeanette.de\/wp-content\/uploads\/2015\/06\/fruehstueck_1.jpg\"\/>\r\n\r\n\t\t\t\r\n\t\t\t\t\t<\/div>\r\n\t\t\t\t<div class=\"sp-slide\">\r\n\t\t\t<img class=\"sp-image\" alt=\"\" src=\"\" \r\n\t\t\t\tdata-src=\"https:\/\/www.traiteur-jeanette.de\/wp-content\/uploads\/2015\/06\/beiihnen_6.jpg\"\r\n\t\t\t\tdata-small=\"https:\/\/www.traiteur-jeanette.de\/wp-content\/uploads\/2015\/06\/beiihnen_6.jpg\"\r\n\t\t\t\tdata-medium=\"https:\/\/www.traiteur-jeanette.de\/wp-content\/uploads\/2015\/06\/beiihnen_6.jpg\"\r\n\t\t\t\tdata-large=\"https:\/\/www.traiteur-jeanette.de\/wp-content\/uploads\/2015\/06\/beiihnen_6.jpg\"\r\n\t\t\t\tdata-retina=\"https:\/\/www.traiteur-jeanette.de\/wp-content\/uploads\/2015\/06\/beiihnen_6.jpg\"\/>\r\n\r\n\t\t\t\r\n\t\t\t\t\t<\/div>\r\n\t\t\t\t<div class=\"sp-slide\">\r\n\t\t\t<img class=\"sp-image\" alt=\"\" src=\"\" \r\n\t\t\t\tdata-src=\"https:\/\/www.traiteur-jeanette.de\/wp-content\/uploads\/2015\/06\/fruehstueck_6.jpg\"\r\n\t\t\t\tdata-small=\"https:\/\/www.traiteur-jeanette.de\/wp-content\/uploads\/2015\/06\/fruehstueck_6.jpg\"\r\n\t\t\t\tdata-medium=\"https:\/\/www.traiteur-jeanette.de\/wp-content\/uploads\/2015\/06\/fruehstueck_6.jpg\"\r\n\t\t\t\tdata-large=\"https:\/\/www.traiteur-jeanette.de\/wp-content\/uploads\/2015\/06\/fruehstueck_6.jpg\"\r\n\t\t\t\tdata-retina=\"https:\/\/www.traiteur-jeanette.de\/wp-content\/uploads\/2015\/06\/fruehstueck_6.jpg\"\/>\r\n\r\n\t\t\t\r\n\t\t\t\t\t<\/div>\r\n\t\t\t\t<div class=\"sp-slide\">\r\n\t\t\t<img class=\"sp-image\" alt=\"\" src=\"\" \r\n\t\t\t\tdata-src=\"https:\/\/www.traiteur-jeanette.de\/wp-content\/uploads\/2015\/06\/beiuns_5.jpg\"\r\n\t\t\t\tdata-small=\"https:\/\/www.traiteur-jeanette.de\/wp-content\/uploads\/2015\/06\/beiuns_5.jpg\"\r\n\t\t\t\tdata-medium=\"https:\/\/www.traiteur-jeanette.de\/wp-content\/uploads\/2015\/06\/beiuns_5.jpg\"\r\n\t\t\t\tdata-large=\"https:\/\/www.traiteur-jeanette.de\/wp-content\/uploads\/2015\/06\/beiuns_5.jpg\"\r\n\t\t\t\tdata-retina=\"https:\/\/www.traiteur-jeanette.de\/wp-content\/uploads\/2015\/06\/beiuns_5.jpg\"\/>\r\n\r\n\t\t\t\r\n\t\t\t\t\t<\/div>\r\n\t\t\t\t\r\n\t<\/div>\r\n\t\r\n\t<!---- slides div end ---->\r\n\t\t<!-- slides thumbnails div end -->\r\n\t\r\n<\/div>\r\n\n<div class=\"slide-text\">\n<span class=\"arrow\"><\/span><\/p>\n<div class=\"text-wrapper\">\n<h1>Petit d\u00e9jeuner Livraison \u00e0 Francfort<\/h1>\n<p>Existe t-il meilleure motivation qu\u2019un <strong>petit d\u00e9jeuner au bureau<\/strong>? Vos collaborateurs n\u2019ont souvent pas le temps de petit-d\u00e9jeuner chez eux. Nous pouvons r\u00e9guli\u00e8rement vous livrer des croissants, baguettes et m\u00eame des petits d\u00e9jeuners complets au bureau.<\/p>\n<p>\u201eFrankfurt geht aus\u201c a d\u2019ailleurs plusieurs fois \u00e9lu notre bistro-boulangerie fran\u00e7aise comme <strong>\u201ele meilleur petit d\u00e9jeuner de Francfort\u201c<\/strong>.<\/p>\n<p>Pour vos <strong>meetings matinaux<\/strong>, nous vous proposons notre <strong>fabuleux buffet petit d\u00e9jeuner<\/strong> garni de viennoiseries, de fruits frais, de caf\u00e9 au lait et de jus d\u2019oranges fra\u00eechement press\u00e9es<br \/>\nou faites m\u00eame de ce repas un \u00e9v\u00e8nement inoubliable:<\/p>\n<p><strong>LE \u201e Buffet Petit D\u00e9jeuner Fran\u00e7ais\u201c<\/strong> chez vous ou chez nous!<\/p>\n<ul>\n<li>LE BUFFET\u201ePARISIEN\u201c (sans boissons)<\/li>\n<li>LE BUFFET \u201eSELECT\u201c (avec boissons chaudes, un verre de jus d\u2019oranges fra\u00eechement press\u00e9es, eau min\u00e9rale et \u201eun petit verre\u201c pour f\u00eater l\u2019occasion)<\/li>\n<li>LE BUFFET \u201ePRESTIGE\u201c (en plus du buffet Select, un magnifique g\u00e2teau enti\u00e8rement con\u00e7u selon vos d\u00e9sirs, une cr\u00e9ation sucr\u00e9e sur mesure selon l\u2019occasion, totalement personnalis\u00e9e).<\/li>\n<\/ul>\n<\/div>\n<\/div>\n","protected":false},"excerpt":{"rendered":"<p>Petit d\u00e9jeuner Livraison \u00e0 Francfort Existe t-il meilleure motivation qu\u2019un petit d\u00e9jeuner au bureau? Vos collaborateurs n\u2019ont souvent pas le temps de petit-d\u00e9jeuner chez eux. Nous pouvons r\u00e9guli\u00e8rement vous livrer des croissants, baguettes et m\u00eame des petits d\u00e9jeuners complets au bureau. \u201eFrankfurt geht aus\u201c a d\u2019ailleurs plusieurs fois \u00e9lu notre bistro-boulangerie fran\u00e7aise comme \u201ele meilleur [&hellip;]<\/p>\n","protected":false},"author":1,"featured_media":0,"parent":0,"menu_order":0,"comment_status":"closed","ping_status":"closed","template":"page-full.php","meta":[],"translation":{"provider":"WPGlobus","version":"2.7.3","language":"fr","enabled_languages":["de","fr"],"languages":{"de":{"title":true,"content":true,"excerpt":false},"fr":{"title":true,"content":true,"excerpt":false}}},"_links":{"self":[{"href":"https:\/\/www.traiteur-jeanette.de\/fr\/wp-json\/wp\/v2\/pages\/40"}],"collection":[{"href":"https:\/\/www.traiteur-jeanette.de\/fr\/wp-json\/wp\/v2\/pages"}],"about":[{"href":"https:\/\/www.traiteur-jeanette.de\/fr\/wp-json\/wp\/v2\/types\/page"}],"author":[{"embeddable":true,"href":"https:\/\/www.traiteur-jeanette.de\/fr\/wp-json\/wp\/v2\/users\/1"}],"replies":[{"embeddable":true,"href":"https:\/\/www.traiteur-jeanette.de\/fr\/wp-json\/wp\/v2\/comments?post=40"}],"version-history":[{"count":2,"href":"https:\/\/www.traiteur-jeanette.de\/fr\/wp-json\/wp\/v2\/pages\/40\/revisions"}],"predecessor-version":[{"id":307,"href":"https:\/\/www.traiteur-jeanette.de\/fr\/wp-json\/wp\/v2\/pages\/40\/revisions\/307"}],"wp:attachment":[{"href":"https:\/\/www.traiteur-jeanette.de\/fr\/wp-json\/wp\/v2\/media?parent=40"}],"curies":[{"name":"wp","href":"https:\/\/api.w.org\/{rel}","templated":true}]}}