{"id":33,"date":"2015-04-30T10:15:59","date_gmt":"2015-04-30T08:15:59","guid":{"rendered":"https:\/\/traiteure.ewc-demo.de\/?page_id=33"},"modified":"2015-04-30T10:15:59","modified_gmt":"2015-04-30T08:15:59","slug":"typisch-franzoesisch","status":"publish","type":"page","link":"https:\/\/www.traiteur-jeanette.de\/fr\/typisch-franzoesisch\/","title":{"rendered":"Typiquement fran\u00e7ais!"},"content":{"rendered":"<script type=\"text\/javascript\">\r\n\tjQuery( document ).ready(function( jQuery ) {\r\n\t\tjQuery( '#example3_267' ).sliderPro({\r\n\t\t\t\/\/width\r\n\t\t\t\t\t\twidth: 740,\r\n\t\t\t\t\t\t\r\n\t\t\t\/\/height\r\n\t\t\t\t\t\theight: 980,\r\n\t\t\t\t\t\t\r\n\t\t\t\/\/autoplay\r\n\t\t\t\t\t\tautoplay:  true,\r\n\t\t\tautoplayOnHover: 'none',\r\n\t\t\t\t\t\t\t\t\t\t\t\tautoplayDelay: 5000,\r\n\t\t\t\r\n\t\t\t\r\n\t\t\tarrows: true,\r\n\t\t\tbuttons: false,\r\n\t\t\tsmallSize: 500,\r\n\t\t\tmediumSize: 1000,\r\n\t\t\tlargeSize: 3000,\r\n\t\t\tfade: true,\r\n\t\t\t\r\n\t\t\t\/\/thumbnail\r\n\t\t\tthumbnailArrows: true,\r\n\t\t\tthumbnailWidth: 120,\r\n\t\t\tthumbnailHeight: 100,\r\n\t\t\t\t\t\t\t\t\tthumbnailsPosition: 'bottom',\r\n\t\t\t\t\t\t\t\t\tcenterImage: true,\r\n\t\t\tallowScaleUp: true,\r\n\t\t\t\t\t\tstartSlide: 0,\r\n\t\t\tloop: true,\r\n\t\t\tslideDistance: 5,\r\n\t\t\tautoplayDirection: 'normal',\r\n\t\t\ttouchSwipe: true,\r\n\t\t\tfullScreen: true,\r\n\t\t});\r\n\t});\r\n<\/script>\r\n<style>\r\n\/* Example 3 *\/\r\n\r\n\/* border *\/\r\n#example3_267 .sp-selected-thumbnail {\r\n\tborder: 4px solid #000000;\r\n}\r\n\r\n\/* font + color *\/\r\n.title-in  {\r\n\tfont-family: Arial !important;\r\n\tcolor: #00000 !important;\r\n\tbackground-color: #FFFFFF !important;\r\n\topacity: 0.7 !important;\r\n}\r\n.desc-in  {\r\n\tfont-family: Arial !important;\r\n\tcolor: #FFFFFF !important;\r\n\tbackground-color: #00000 !important;\r\n\topacity: 0.7 !important;\r\n}\r\n\r\n\/* bullets color *\/\r\n.sp-button  {\r\n\tborder: 2px solid #000000 !important;\r\n}\r\n.sp-selected-button  {\r\n\tbackground-color: #000000 !important;\r\n}\r\n\r\n\/* pointer color - bottom *\/\r\n.sp-selected-thumbnail::before {\r\n\tborder-bottom: 5px solid #000000 !important;\r\n}\r\n.sp-selected-thumbnail::after {\r\n\tborder-bottom: 13px solid #000000 !important;\r\n}\r\n\r\n\/* pointer color - top *\/\r\n\r\n\r\n\/* full screen icon *\/\r\n.sp-full-screen-button::before {\r\n    color: #FFFFFF !important;\r\n}\r\n\r\n\/* hover navigation icon color *\/\r\n.sp-next-arrow::after, .sp-next-arrow::before {\r\n\tbackground-color: #FFFFFF !important;\r\n}\r\n.sp-previous-arrow::after, .sp-previous-arrow::before {\r\n\tbackground-color: #FFFFFF !important;\r\n}\r\n\r\n\r\n#example3_267 .title-in {\r\n\tcolor:  !important;\r\n\tfont-weight: bolder;\r\n\ttext-align: center;\r\n}\r\n\r\n#example3_267 .title-in-bg {\r\n\tbackground: rgba(255, 255, 255, 0.7); !important;\r\n\twhite-space: unset !important;\r\n\tmax-width: 90%;\r\n\tmin-width: 40%;\r\n\ttransform: initial !important;\r\n\t-webkit-transform: initial !important;\r\n\tfont-size: 14px !important;\r\n}\r\n\r\n#example3_267 .desc-in {\r\n\tcolor:  !important;\r\n\ttext-align: center;\r\n}\r\n#example3_267 .desc-in-bg {\r\n\tbackground: rgba(, ) !important;\r\n\twhite-space: unset !important;\r\n\twidth: 80% !important;\r\n\tmin-width: 30%;\r\n\ttransform: initial !important;\r\n\t-webkit-transform: initial !important;\r\n\tfont-size: 13px !important;\r\n}\r\n\r\n@media (max-width: 640px) {\r\n\t#example3_267 .hide-small-screen {\r\n\t\tdisplay: none;\r\n\t}\r\n}\r\n\r\n@media (max-width: 860px) {\r\n\t#example3_267 .sp-layer {\r\n\t\tfont-size: 18px;\r\n\t}\r\n\t\r\n\t#example3_267 .hide-medium-screen {\r\n\t\tdisplay: none;\r\n\t}\r\n}\r\n\/* Custom CSS *\/\r\n<\/style>\r\n<div id=\"example3_267\" class=\"slider-pro\">\r\n\t<!---- slides div start ---->\r\n\t<div class=\"sp-slides\">\r\n\t\t\t\t<div class=\"sp-slide\">\r\n\t\t\t<img class=\"sp-image\" alt=\"\" src=\"\" \r\n\t\t\t\tdata-src=\"https:\/\/www.traiteur-jeanette.de\/wp-content\/uploads\/2015\/06\/beiihnen_8.jpg\"\r\n\t\t\t\tdata-small=\"https:\/\/www.traiteur-jeanette.de\/wp-content\/uploads\/2015\/06\/beiihnen_8.jpg\"\r\n\t\t\t\tdata-medium=\"https:\/\/www.traiteur-jeanette.de\/wp-content\/uploads\/2015\/06\/beiihnen_8.jpg\"\r\n\t\t\t\tdata-large=\"https:\/\/www.traiteur-jeanette.de\/wp-content\/uploads\/2015\/06\/beiihnen_8.jpg\"\r\n\t\t\t\tdata-retina=\"https:\/\/www.traiteur-jeanette.de\/wp-content\/uploads\/2015\/06\/beiihnen_8.jpg\"\/>\r\n\r\n\t\t\t\r\n\t\t\t\t\t<\/div>\r\n\t\t\t\t<div class=\"sp-slide\">\r\n\t\t\t<img class=\"sp-image\" alt=\"\" src=\"\" \r\n\t\t\t\tdata-src=\"https:\/\/www.traiteur-jeanette.de\/wp-content\/uploads\/2015\/06\/beiuns_8.jpg\"\r\n\t\t\t\tdata-small=\"https:\/\/www.traiteur-jeanette.de\/wp-content\/uploads\/2015\/06\/beiuns_8.jpg\"\r\n\t\t\t\tdata-medium=\"https:\/\/www.traiteur-jeanette.de\/wp-content\/uploads\/2015\/06\/beiuns_8.jpg\"\r\n\t\t\t\tdata-large=\"https:\/\/www.traiteur-jeanette.de\/wp-content\/uploads\/2015\/06\/beiuns_8.jpg\"\r\n\t\t\t\tdata-retina=\"https:\/\/www.traiteur-jeanette.de\/wp-content\/uploads\/2015\/06\/beiuns_8.jpg\"\/>\r\n\r\n\t\t\t\r\n\t\t\t\t\t<\/div>\r\n\t\t\t\t<div class=\"sp-slide\">\r\n\t\t\t<img class=\"sp-image\" alt=\"\" src=\"\" \r\n\t\t\t\tdata-src=\"https:\/\/www.traiteur-jeanette.de\/wp-content\/uploads\/2015\/06\/home_2.jpg\"\r\n\t\t\t\tdata-small=\"https:\/\/www.traiteur-jeanette.de\/wp-content\/uploads\/2015\/06\/home_2.jpg\"\r\n\t\t\t\tdata-medium=\"https:\/\/www.traiteur-jeanette.de\/wp-content\/uploads\/2015\/06\/home_2.jpg\"\r\n\t\t\t\tdata-large=\"https:\/\/www.traiteur-jeanette.de\/wp-content\/uploads\/2015\/06\/home_2.jpg\"\r\n\t\t\t\tdata-retina=\"https:\/\/www.traiteur-jeanette.de\/wp-content\/uploads\/2015\/06\/home_2.jpg\"\/>\r\n\r\n\t\t\t\r\n\t\t\t\t\t<\/div>\r\n\t\t\t\t<div class=\"sp-slide\">\r\n\t\t\t<img class=\"sp-image\" alt=\"\" src=\"\" \r\n\t\t\t\tdata-src=\"https:\/\/www.traiteur-jeanette.de\/wp-content\/uploads\/2015\/06\/home_7.jpg\"\r\n\t\t\t\tdata-small=\"https:\/\/www.traiteur-jeanette.de\/wp-content\/uploads\/2015\/06\/home_7.jpg\"\r\n\t\t\t\tdata-medium=\"https:\/\/www.traiteur-jeanette.de\/wp-content\/uploads\/2015\/06\/home_7.jpg\"\r\n\t\t\t\tdata-large=\"https:\/\/www.traiteur-jeanette.de\/wp-content\/uploads\/2015\/06\/home_7.jpg\"\r\n\t\t\t\tdata-retina=\"https:\/\/www.traiteur-jeanette.de\/wp-content\/uploads\/2015\/06\/home_7.jpg\"\/>\r\n\r\n\t\t\t\r\n\t\t\t\t\t<\/div>\r\n\t\t\t\t\r\n\t<\/div>\r\n\t\r\n\t<!---- slides div end ---->\r\n\t\t<!-- slides thumbnails div end -->\r\n\t\r\n<\/div>\r\n\n<div class=\"slide-text\">\n<span class=\"arrow\"><\/span><\/p>\n<div class=\"text-wrapper\">\n<h1>Typiquement fran\u00e7ais!<\/h1>\n<p>Depuis 2011, Baguette Jeanette incarne \u00e0 Francfort un paradis de r\u00e9jouissances culinaires, qui jour apr\u00e8s jour \u00e9veille tous nos sens. <\/p>\n<p>Quel honneur pour nous, Fran\u00e7ais, de partager avec vous la tradition de notre savoir-vivre. <\/p>\n<p>Laissez-vous enchanter par nos d\u00e9lices et exp\u00e9rimentez \u00e0 fleur de peau, ce que la France a de meilleur \u00e0 offrir, \u00e0 savoir, le don de ravir \u00e0 la fois \u00e2me et palais ! <\/p>\n<p>Votre Traiteur Jeanette<\/p>\n<\/div>\n<\/div>\n","protected":false},"excerpt":{"rendered":"<p>Typiquement fran\u00e7ais! Depuis 2011, Baguette Jeanette incarne \u00e0 Francfort un paradis de r\u00e9jouissances culinaires, qui jour apr\u00e8s jour \u00e9veille tous nos sens. Quel honneur pour nous, Fran\u00e7ais, de partager avec vous la tradition de notre savoir-vivre. Laissez-vous enchanter par nos d\u00e9lices et exp\u00e9rimentez \u00e0 fleur de peau, ce que la France a de meilleur \u00e0 [&hellip;]<\/p>\n","protected":false},"author":1,"featured_media":0,"parent":0,"menu_order":0,"comment_status":"closed","ping_status":"closed","template":"page-full.php","meta":[],"translation":{"provider":"WPGlobus","version":"2.7.3","language":"fr","enabled_languages":["de","fr"],"languages":{"de":{"title":true,"content":true,"excerpt":false},"fr":{"title":true,"content":true,"excerpt":false}}},"_links":{"self":[{"href":"https:\/\/www.traiteur-jeanette.de\/fr\/wp-json\/wp\/v2\/pages\/33"}],"collection":[{"href":"https:\/\/www.traiteur-jeanette.de\/fr\/wp-json\/wp\/v2\/pages"}],"about":[{"href":"https:\/\/www.traiteur-jeanette.de\/fr\/wp-json\/wp\/v2\/types\/page"}],"author":[{"embeddable":true,"href":"https:\/\/www.traiteur-jeanette.de\/fr\/wp-json\/wp\/v2\/users\/1"}],"replies":[{"embeddable":true,"href":"https:\/\/www.traiteur-jeanette.de\/fr\/wp-json\/wp\/v2\/comments?post=33"}],"version-history":[{"count":0,"href":"https:\/\/www.traiteur-jeanette.de\/fr\/wp-json\/wp\/v2\/pages\/33\/revisions"}],"wp:attachment":[{"href":"https:\/\/www.traiteur-jeanette.de\/fr\/wp-json\/wp\/v2\/media?parent=33"}],"curies":[{"name":"wp","href":"https:\/\/api.w.org\/{rel}","templated":true}]}}